{"id":6538,"date":"2017-09-06T22:21:10","date_gmt":"2017-09-06T20:21:10","guid":{"rendered":"http:\/\/vulpifive.com\/?page_id=6538"},"modified":"2017-09-06T22:21:10","modified_gmt":"2017-09-06T20:21:10","slug":"avant-propos-2018","status":"publish","type":"page","link":"https:\/\/vulpifive.com\/?page_id=6538","title":{"rendered":"Avant-propos 2018"},"content":{"rendered":"<p>Nous revoici avec un nouveau projet usa pour l&#8217;\u00e9t\u00e9 2018 : une boucle de 4 semaines (sous r\u00e9serve d&#8217;obtention des cong\u00e9s&#8230;) autour de Denver, avec une premi\u00e8re partie en immersion dans le Dakota du Sud pour la r\u00e9gion des Black Hills et le Parc National des Badlands, puis une deuxi\u00e8me partie sur le Plateau du Colorado et la r\u00e9gion Albuquerque \/ Santa Fe au nord du Nouveau-Mexique que nous n&#8217;avions pas pu mettre au programme en 2015 faute de temps.<\/p>\n<p>Certains diront : &#8220;Encore!! Vous ne voulez pas d\u00e9couvrir d&#8217;autres pays??&#8221; Ben si&#8230; enfin non&#8230;pas tout de suite!! Les USA sont un pays tellement grand (plus de 15 fois la France), tellement vari\u00e9 en terme de paysages (notamment dans l&#8217;Ouest), tellement facile \u00e0 parcourir avec des enfants (&#8230; En plus, il faut qu&#8217;on valide le super poster &#8220;National Parks Explorers Guide&#8221; offert par Kerrie et Denis lol!!).<\/p>\n<p>Mais pour ce 4\u00e8me grand voyage, nous testerons la r\u00e9action de nos organismes aux randos et dodos dans l&#8217;Etat \u00e0 l&#8217;altitude la plus \u00e9lev\u00e9e des US (2073 m en moyenne au Colorado) ainsi que les nuits sous tente au milieu (enfin&#8230; \u00e0 distance, on esp\u00e8re!) des ours et autres petites b\u00e9b\u00eates sympathiques pour \u00eatre au plus proche des sites \u00e0 visiter (campings 2\/3 + h\u00f4tels 1\/3).<\/p>\n<p>De quoi donner un avant-go\u00fbt pour un futur voyage plus rude du c\u00f4t\u00e9 du Sud Lipez (froid, altitude, hygi\u00e8ne et confort sommaire)!<\/p>\n<p>A bient\u00f4t pour les pr\u00e9paratifs!<\/p>\n","protected":false},"excerpt":{"rendered":"<p>Nous revoici avec un nouveau projet usa pour l&#8217;\u00e9t\u00e9 2018 : une boucle de 4 semaines (sous r\u00e9serve d&#8217;obtention des cong\u00e9s&#8230;) autour de Denver, avec une premi\u00e8re partie en immersion <a class=\"more-link\" href=\"https:\/\/vulpifive.com\/?page_id=6538\">Continue Reading &rarr;<\/a><\/p>\n","protected":false},"author":3,"featured_media":0,"parent":0,"menu_order":0,"comment_status":"closed","ping_status":"closed","template":"","meta":{"_s2mail":"","footnotes":""},"_links":{"self":[{"href":"https:\/\/vulpifive.com\/index.php?rest_route=\/wp\/v2\/pages\/6538"}],"collection":[{"href":"https:\/\/vulpifive.com\/index.php?rest_route=\/wp\/v2\/pages"}],"about":[{"href":"https:\/\/vulpifive.com\/index.php?rest_route=\/wp\/v2\/types\/page"}],"author":[{"embeddable":true,"href":"https:\/\/vulpifive.com\/index.php?rest_route=\/wp\/v2\/users\/3"}],"replies":[{"embeddable":true,"href":"https:\/\/vulpifive.com\/index.php?rest_route=%2Fwp%2Fv2%2Fcomments&post=6538"}],"version-history":[{"count":2,"href":"https:\/\/vulpifive.com\/index.php?rest_route=\/wp\/v2\/pages\/6538\/revisions"}],"predecessor-version":[{"id":6540,"href":"https:\/\/vulpifive.com\/index.php?rest_route=\/wp\/v2\/pages\/6538\/revisions\/6540"}],"wp:attachment":[{"href":"https:\/\/vulpifive.com\/index.php?rest_route=%2Fwp%2Fv2%2Fmedia&parent=6538"}],"curies":[{"name":"wp","href":"https:\/\/api.w.org\/{rel}","templated":true}]}}