{"id":620,"date":"2012-06-24T15:15:30","date_gmt":"2012-06-24T14:15:30","guid":{"rendered":"http:\/\/verojeanmi.wordpress.com\/?page_id=30"},"modified":"2014-09-09T15:04:31","modified_gmt":"2014-09-09T13:04:31","slug":"accueil-2","status":"publish","type":"page","link":"https:\/\/vulpifive.com\/?page_id=620","title":{"rendered":"Avant-propos 2012"},"content":{"rendered":"<p>Bienvenue sur ces pages\u00a0consacr\u00e9es \u00e0 notre voyage dans l&#8217;Ouest Am\u00e9ricain du lundi 09 juillet 2012 au jeudi 26 juillet 2012.<\/p>\n<p>Pourquoi ce voyage?<\/p>\n<p>Nous voulions f\u00eater nos 10 ans de mariage en amoureux et disposions d&#8217;un budget confortable. N&#8217;ayant pour ainsi dire jamais pris l&#8217;avion ni voyag\u00e9 \u00e0 l&#8217;\u00e9tranger, on s&#8217;est dit pourquoi pas un voyage!<\/p>\n<p>Pourquoi cette destination?<\/p>\n<p>Nous voulions un d\u00e9paysement certain, tout en gardant un certain niveau de confort, et en \u00e9vitant de trop grosses contraintes telles que l&#8217;eau non potable, la langue parl\u00e9e inconnue&#8230;Les Etats-Unis nous sont alors apparus comme un pays &#8220;occidentalis\u00e9&#8221;. Au hasard de nos lectures de blogs et de sites internet sp\u00e9cialis\u00e9s (merci <a title=\"Site Roadtrippin\" href=\"http:\/\/www.roadtrippin.fr\/\" target=\"_blank\">roadtrippin.fr<\/a>, ouestusa, sunsetbld et parcs.net!), nous avons d\u00e9couvert les paysages grandioses de l&#8217;Ouest : notre destination \u00e9tait toute trouv\u00e9e!<\/p>\n<p>L&#8217;aventure a donc commenc\u00e9 \u00e0 l&#8217;automne 2011, afin de pr\u00e9parer au mieux ce fabuleux voyage de A \u00e0 Z et de vous le faire partager.<\/p>\n","protected":false},"excerpt":{"rendered":"<p>Bienvenue sur ces pages\u00a0consacr\u00e9es \u00e0 notre voyage dans l&#8217;Ouest Am\u00e9ricain du lundi 09 juillet 2012 au jeudi 26 juillet 2012. Pourquoi ce voyage? Nous voulions f\u00eater nos 10 ans de <a class=\"more-link\" href=\"https:\/\/vulpifive.com\/?page_id=620\">Continue Reading &rarr;<\/a><\/p>\n","protected":false},"author":2,"featured_media":0,"parent":0,"menu_order":0,"comment_status":"open","ping_status":"open","template":"","meta":{"_s2mail":"yes","footnotes":""},"_links":{"self":[{"href":"https:\/\/vulpifive.com\/index.php?rest_route=\/wp\/v2\/pages\/620"}],"collection":[{"href":"https:\/\/vulpifive.com\/index.php?rest_route=\/wp\/v2\/pages"}],"about":[{"href":"https:\/\/vulpifive.com\/index.php?rest_route=\/wp\/v2\/types\/page"}],"author":[{"embeddable":true,"href":"https:\/\/vulpifive.com\/index.php?rest_route=\/wp\/v2\/users\/2"}],"replies":[{"embeddable":true,"href":"https:\/\/vulpifive.com\/index.php?rest_route=%2Fwp%2Fv2%2Fcomments&post=620"}],"version-history":[{"count":9,"href":"https:\/\/vulpifive.com\/index.php?rest_route=\/wp\/v2\/pages\/620\/revisions"}],"predecessor-version":[{"id":1706,"href":"https:\/\/vulpifive.com\/index.php?rest_route=\/wp\/v2\/pages\/620\/revisions\/1706"}],"wp:attachment":[{"href":"https:\/\/vulpifive.com\/index.php?rest_route=%2Fwp%2Fv2%2Fmedia&parent=620"}],"curies":[{"name":"wp","href":"https:\/\/api.w.org\/{rel}","templated":true}]}}